{"id":50,"date":"2016-04-25T13:14:01","date_gmt":"2016-04-25T11:14:01","guid":{"rendered":"http:\/\/www.tdff2017.de\/?page_id=50"},"modified":"2017-11-03T10:21:57","modified_gmt":"2017-11-03T09:21:57","slug":"registration","status":"publish","type":"page","link":"http:\/\/tdff.de\/?page_id=50","title":{"rendered":"Registrierung"},"content":{"rendered":"<p>Hier k\u00f6nnt Ihr Euch an unserer Tagung anmelden<\/p>\n<p><b><i> Registrierung abgeschlossen!!! Ab sofort sind keine weiteren Registrierungen mit Unterbringung m\u00f6glich! <\/b><\/i><\/p>\n<p><del datetime=\"2017-11-03T09:20:13+00:00\"><br \/>\nMeldet Euch rechtzeitig an und gebt uns Euren Zimmerwunsch an. Wenn Ihr ein Doppel- oder Dreibettzimmer bucht, gebt uns bitte die Namen der anderen Zimmerbewohner an. Somit k\u00f6nnen wir das besser organisieren und die Zimmerbuchungen weitergeben.<\/del><\/p>\n<p>Bitte achtet darauf, dass jedes Feld ausgef\u00fcllt ist, welches mit \u201e<em>Pflichtfelder<\/em>\u201c markiert ist. <del datetime=\"2017-11-03T09:21:30+00:00\">Dies dient dem einfach Zusammenstellen der Daten und der reibungslosen Zuordnung von Zimmer und W\u00fcnschen, zum jeweiligen Anmelder.<\/del> F\u00fcr Fragen, oder Unstimmigkeiten, k\u00f6nnt Ihr jederzeit eine <a href=\"mailto:registrierung@tdff.de\">Email<\/a> senden oder unser <a href=\"http:\/\/www.tdff.de\/?page_id=10\">Kontaktformular<\/a> ausf\u00fcllen.<\/p>\n<div role=\"form\" class=\"wpcf7\" id=\"wpcf7-f53-o1\" lang=\"de-DE\" dir=\"ltr\">\n<div class=\"screen-reader-response\"><p role=\"status\" aria-live=\"polite\" aria-atomic=\"true\"><\/p> <ul><\/ul><\/div>\n<form action=\"\/index.php?rest_route=%2Fwp%2Fv2%2Fpages%2F50#wpcf7-f53-o1\" method=\"post\" class=\"wpcf7-form init\" novalidate=\"novalidate\" data-status=\"init\">\n<div style=\"display: none;\">\n<input type=\"hidden\" name=\"_wpcf7\" value=\"53\" \/>\n<input type=\"hidden\" name=\"_wpcf7_version\" value=\"5.4.2\" \/>\n<input type=\"hidden\" name=\"_wpcf7_locale\" value=\"de_DE\" \/>\n<input type=\"hidden\" name=\"_wpcf7_unit_tag\" value=\"wpcf7-f53-o1\" \/>\n<input type=\"hidden\" name=\"_wpcf7_container_post\" value=\"0\" \/>\n<input type=\"hidden\" name=\"_wpcf7_posted_data_hash\" value=\"\" \/>\n<\/div>\n<p><b>Anrede<\/b><br \/>\n    <span class=\"wpcf7-form-control-wrap anrede\"><select name=\"anrede\" class=\"wpcf7-form-control wpcf7-select\" aria-invalid=\"false\"><option value=\"\">---<\/option><option value=\"Mr.\">Mr.<\/option><option value=\"Ms.\">Ms.<\/option><\/select><\/span> <\/p>\n<p><b>Vorname (Pflichtfeld)<\/b><br \/>\n    <span class=\"wpcf7-form-control-wrap vorname\"><input type=\"text\" name=\"vorname\" value=\"\" size=\"40\" class=\"wpcf7-form-control wpcf7-text wpcf7-validates-as-required\" aria-required=\"true\" aria-invalid=\"false\" placeholder=\"Vorname\" \/><\/span> <\/p>\n<p><b>Nachname (Pflichtfeld)<\/b><br \/>\n<span class=\"wpcf7-form-control-wrap nachname\"><input type=\"text\" name=\"nachname\" value=\"\" size=\"40\" class=\"wpcf7-form-control wpcf7-text wpcf7-validates-as-required\" aria-required=\"true\" aria-invalid=\"false\" placeholder=\"Nachname\" \/><\/span><\/p>\n<p><b>Affiliation (Pflichtfeld)<\/b><br \/>\n    <span class=\"wpcf7-form-control-wrap University\"><input type=\"text\" name=\"University\" value=\"\" size=\"40\" class=\"wpcf7-form-control wpcf7-text wpcf7-validates-as-required\" aria-required=\"true\" aria-invalid=\"false\" placeholder=\"Universit\u00e4t\" \/><\/span> <\/p>\n<p><b>E-Mail-Adresse (Pflichtfeld)<\/b><br \/>\n    <span class=\"wpcf7-form-control-wrap your-email\"><input type=\"email\" name=\"your-email\" value=\"\" size=\"40\" class=\"wpcf7-form-control wpcf7-text wpcf7-email wpcf7-validates-as-required wpcf7-validates-as-email\" aria-required=\"true\" aria-invalid=\"false\" placeholder=\"Email\" \/><\/span> <\/p>\n<p><b><i> Registrierung abgeschlossen!!! Ab sofort sind keine weiteren Registrierungen mit Unterbringung m\u00f6glich! <\/b><\/i><\/p>\n<p><b><strike>Pr\u00e4ferenz f\u00fcr die Unterbringung\/ Zimmer<\/b><br \/>\nBitte Zimmervariante ausw\u00e4hlen. Falls ausgebucht, melden wir uns.<br \/>\nBei 2-\/3-fach Zimmer, bitte Mitbewohner im Bemerkungsfeld eintragen.<br \/>\nPreise sind Vollpension pro Person, Komplettpaket, inklusive Getr\u00e4nkepauschale.<br \/>\nHinzu kommt ein kleiner Betrag f\u00fcr die Tagungsgeb\u00fchr sowie unsere Kaffeepausen mit Kuchen (insgesamt max. ~15-20\u20ac) <br \/>\n<span class=\"wpcf7-form-control-wrap roomservice\"><select name=\"roomservice\" class=\"wpcf7-form-control wpcf7-select\" aria-invalid=\"false\"><option value=\"Einzelzimmer 134\u20ac\">Einzelzimmer 134\u20ac<\/option><option value=\"Doppel\/Drei-Bett Zimmer 109\u20ac\">Doppel\/Drei-Bett Zimmer 109\u20ac<\/option><option value=\"keine Unterkunft\">keine Unterkunft<\/option><\/select><\/span><\/p>\n<p><\/strike><\/p>\n<p><strike>\n<p><b>(falls Mehrbettbelegung:) Namen der Zimmerkollegen<\/b><\/strike><br \/>\n<span class=\"wpcf7-form-control-wrap roommates\"><input type=\"text\" name=\"roommates\" value=\"\" size=\"40\" class=\"wpcf7-form-control wpcf7-text\" aria-invalid=\"false\" placeholder=\"roommates\" \/><\/span><\/p>\n<p><strike>\n<p><b>Option f\u00fcr Mahlzeiten<\/b><br \/><\/strike><br \/>\n<span class=\"wpcf7-form-control-wrap essen\"><span class=\"wpcf7-form-control wpcf7-checkbox\"><span class=\"wpcf7-list-item first\"><input type=\"checkbox\" name=\"essen[]\" value=\"Vegan\" \/><span class=\"wpcf7-list-item-label\">Vegan<\/span><\/span><span class=\"wpcf7-list-item\"><input type=\"checkbox\" name=\"essen[]\" value=\"Ovo-lacto-Vegetarier\" \/><span class=\"wpcf7-list-item-label\">Ovo-lacto-Vegetarier<\/span><\/span><span class=\"wpcf7-list-item last\"><input type=\"checkbox\" name=\"essen[]\" value=\"Omnivor\" \/><span class=\"wpcf7-list-item-label\">Omnivor<\/span><\/span><\/span><\/span><\/p>\n<p><b>Option f\u00fcr Vortr\u00e4ge und\/ oder Poster<\/b><br \/>\nWenn man sich f\u00fcr eine Option entscheidet, ist selbstverst\u00e4ndlich ein nachtr\u00e4gliches \u00c4ndern ohne Probleme m\u00f6glich. Zudem erhaltet Ihr zeitnah eine Erinnerung f\u00fcr die Abgabe eines Abstracts, welche wir in einem Programmheft f\u00fcr Euch zum Download anbieten werden.<\/p>\n<p><span class=\"wpcf7-form-control-wrap publication\"><span class=\"wpcf7-form-control wpcf7-checkbox\"><span class=\"wpcf7-list-item first\"><input type=\"checkbox\" name=\"publication[]\" value=\"Vortrag\" \/><span class=\"wpcf7-list-item-label\">Vortrag<\/span><\/span><span class=\"wpcf7-list-item last\"><input type=\"checkbox\" name=\"publication[]\" value=\"Poster\" \/><span class=\"wpcf7-list-item-label\">Poster<\/span><\/span><\/span><\/span><\/p>\n<p><b>Titel und Abstract<\/b><br \/>\n<span class=\"wpcf7-form-control-wrap Abstract\"><textarea name=\"Abstract\" cols=\"40\" rows=\"10\" class=\"wpcf7-form-control wpcf7-textarea\" aria-invalid=\"false\" placeholder=\"Schreiben Sie hier Ihr Titel und Abstract hinein...\"><\/textarea><\/span><\/p>\n<p><b>Bemerkungen\/ Mitteilung an uns<\/b><br \/>\n<span class=\"wpcf7-form-control-wrap Bemerkungen\"><textarea name=\"Bemerkungen\" cols=\"40\" rows=\"10\" class=\"wpcf7-form-control wpcf7-textarea\" aria-invalid=\"false\" placeholder=\"Schreiben Sie hier Ihre Mitteilung, oder Bemerkungen hinein...\"><\/textarea><\/span><\/p>\n<p>Bitte best\u00e4tige das folgende Feld um Missbrauch des Formulars zu vermeiden<br \/>\n[recaptcha size:compact]<\/p>\n<\/p>\n<p><input type=\"submit\" value=\"Senden\" class=\"wpcf7-form-control wpcf7-submit\" \/><\/p>\n<div class=\"wpcf7-response-output\" aria-hidden=\"true\"><\/div><\/form><\/div>\n","protected":false},"excerpt":{"rendered":"<p>Hier k\u00f6nnt Ihr Euch an unserer Tagung anmelden Registrierung abgeschlossen!!! Ab sofort sind keine weiteren Registrierungen mit Unterbringung m\u00f6glich! Meldet Euch rechtzeitig an und gebt uns Euren Zimmerwunsch an. Wenn Ihr ein Doppel- oder Dreibettzimmer bucht, gebt uns bitte die Namen der anderen Zimmerbewohner an. Somit k\u00f6nnen wir das besser organisieren und die Zimmerbuchungen weitergeben. &hellip; <a href=\"http:\/\/tdff.de\/?page_id=50\" class=\"more-link\">Weiterlesen <span class=\"screen-reader-text\">Registrierung<\/span><\/a><\/p>\n","protected":false},"author":1,"featured_media":0,"parent":0,"menu_order":0,"comment_status":"closed","ping_status":"closed","template":"","meta":[],"_links":{"self":[{"href":"http:\/\/tdff.de\/index.php?rest_route=\/wp\/v2\/pages\/50"}],"collection":[{"href":"http:\/\/tdff.de\/index.php?rest_route=\/wp\/v2\/pages"}],"about":[{"href":"http:\/\/tdff.de\/index.php?rest_route=\/wp\/v2\/types\/page"}],"author":[{"embeddable":true,"href":"http:\/\/tdff.de\/index.php?rest_route=\/wp\/v2\/users\/1"}],"replies":[{"embeddable":true,"href":"http:\/\/tdff.de\/index.php?rest_route=%2Fwp%2Fv2%2Fcomments&post=50"}],"version-history":[{"count":22,"href":"http:\/\/tdff.de\/index.php?rest_route=\/wp\/v2\/pages\/50\/revisions"}],"predecessor-version":[{"id":216,"href":"http:\/\/tdff.de\/index.php?rest_route=\/wp\/v2\/pages\/50\/revisions\/216"}],"wp:attachment":[{"href":"http:\/\/tdff.de\/index.php?rest_route=%2Fwp%2Fv2%2Fmedia&parent=50"}],"curies":[{"name":"wp","href":"https:\/\/api.w.org\/{rel}","templated":true}]}}